{"id":12,"date":"2010-04-01T17:04:15","date_gmt":"2010-04-01T15:04:15","guid":{"rendered":"http:\/\/www.uslucan.de\/?page_id=12"},"modified":"2010-12-26T03:15:31","modified_gmt":"2010-12-26T01:15:31","slug":"lehre","status":"publish","type":"page","link":"http:\/\/www.uslucan.de\/?page_id=12","title":{"rendered":"Lehre"},"content":{"rendered":"<h2>Lehrgebiete<\/h2>\n<ul>\n<li>Einf\u00fchrung in die Entwicklungspsychologie<\/li>\n<li>P\u00e4dagogische Psychologie<\/li>\n<li>Motivationspsychologie<\/li>\n<li>Moralentwicklung \u00fcber die Lebensspanne<\/li>\n<li>Erziehungspsychologie<\/li>\n<li>Bildungspsychologie<\/li>\n<li>Trainings- und Interventionsma\u00dfnahmen in p\u00e4dagogischen Kontexten<\/li>\n<li>Scheidungs- und Trennungsforschung<\/li>\n<li>Theorie und Technik von Sachverst\u00e4ndigengutachten f\u00fcr Familiengerichte<\/li>\n<li>Kulturpsychologie\/Interkulturelle Psychologie<\/li>\n<li>Migrationspsychologie<\/li>\n<li>&#8222;Cultural Studies&#8220;<\/li>\n<\/ul>\n","protected":false},"excerpt":{"rendered":"<p>Lehrgebiete Einf\u00fchrung in die Entwicklungspsychologie P\u00e4dagogische Psychologie Motivationspsychologie Moralentwicklung \u00fcber die Lebensspanne Erziehungspsychologie Bildungspsychologie Trainings- und Interventionsma\u00dfnahmen in p\u00e4dagogischen Kontexten Scheidungs- und Trennungsforschung Theorie und Technik von Sachverst\u00e4ndigengutachten f\u00fcr Familiengerichte Kulturpsychologie\/Interkulturelle Psychologie Migrationspsychologie &#8222;Cultural Studies&#8220;<\/p>\n","protected":false},"author":1,"featured_media":0,"parent":0,"menu_order":3,"comment_status":"closed","ping_status":"closed","template":"","meta":{"footnotes":""},"class_list":["post-12","page","type-page","status-publish","hentry"],"_links":{"self":[{"href":"http:\/\/www.uslucan.de\/index.php?rest_route=\/wp\/v2\/pages\/12","targetHints":{"allow":["GET"]}}],"collection":[{"href":"http:\/\/www.uslucan.de\/index.php?rest_route=\/wp\/v2\/pages"}],"about":[{"href":"http:\/\/www.uslucan.de\/index.php?rest_route=\/wp\/v2\/types\/page"}],"author":[{"embeddable":true,"href":"http:\/\/www.uslucan.de\/index.php?rest_route=\/wp\/v2\/users\/1"}],"replies":[{"embeddable":true,"href":"http:\/\/www.uslucan.de\/index.php?rest_route=%2Fwp%2Fv2%2Fcomments&post=12"}],"version-history":[{"count":7,"href":"http:\/\/www.uslucan.de\/index.php?rest_route=\/wp\/v2\/pages\/12\/revisions"}],"predecessor-version":[{"id":97,"href":"http:\/\/www.uslucan.de\/index.php?rest_route=\/wp\/v2\/pages\/12\/revisions\/97"}],"wp:attachment":[{"href":"http:\/\/www.uslucan.de\/index.php?rest_route=%2Fwp%2Fv2%2Fmedia&parent=12"}],"curies":[{"name":"wp","href":"https:\/\/api.w.org\/{rel}","templated":true}]}}