{"id":23,"date":"2010-04-01T17:31:31","date_gmt":"2010-04-01T15:31:31","guid":{"rendered":"http:\/\/www.uslucan.de\/?page_id=23"},"modified":"2010-04-29T16:02:52","modified_gmt":"2010-04-29T14:02:52","slug":"anfrage-kontakt","status":"publish","type":"page","link":"http:\/\/www.uslucan.de\/?page_id=23","title":{"rendered":"Anfragen"},"content":{"rendered":"<p>Anfragen f\u00fcr Vortr\u00e4ge\/Fortbildungen oder Diskussionen stellen Sie bitte am besten \u00fcber das Kontaktformular<br \/>\noder senden mir eine E-Mail(haci[at]uslucan.de).<\/p>\n<p><span style=\"color: #ffffff;\">.<\/span><\/p>\n<p>[contact-form 1 &#8222;Kontaktformular 1&#8220;]<\/p>\n<p><span style=\"color: #ffffff;\">.<\/span><\/p>\n<p>Ich werde mich umgehend melden.<\/p>\n<p>Wenn Sie Ihre inhaltlichen W\u00fcnsche und die Konditionen pr\u00e4zisieren, l\u00e4sst sich Vieles bereits im Vorfeld kl\u00e4ren. Deshalb bitte ich Sie, Angaben zu folgenden Punkten zu machen:<\/p>\n<ol>\n<li>Zeit<\/li>\n<li>Dauer<\/li>\n<li>Zielgruppe<\/li>\n<li>Honorar und Reisekosten<\/li>\n<\/ol>\n","protected":false},"excerpt":{"rendered":"<p>Anfragen f\u00fcr Vortr\u00e4ge\/Fortbildungen oder Diskussionen stellen Sie bitte am besten \u00fcber das Kontaktformular oder senden mir eine E-Mail(haci[at]uslucan.de). . [contact-form 1 &#8222;Kontaktformular 1&#8220;] . Ich werde mich umgehend melden. Wenn Sie Ihre inhaltlichen W\u00fcnsche und die Konditionen pr\u00e4zisieren, l\u00e4sst sich Vieles bereits im Vorfeld kl\u00e4ren. Deshalb bitte ich Sie, Angaben zu folgenden Punkten zu machen: [&hellip;]<\/p>\n","protected":false},"author":1,"featured_media":0,"parent":0,"menu_order":7,"comment_status":"closed","ping_status":"closed","template":"","meta":{"footnotes":""},"class_list":["post-23","page","type-page","status-publish","hentry"],"_links":{"self":[{"href":"http:\/\/www.uslucan.de\/index.php?rest_route=\/wp\/v2\/pages\/23","targetHints":{"allow":["GET"]}}],"collection":[{"href":"http:\/\/www.uslucan.de\/index.php?rest_route=\/wp\/v2\/pages"}],"about":[{"href":"http:\/\/www.uslucan.de\/index.php?rest_route=\/wp\/v2\/types\/page"}],"author":[{"embeddable":true,"href":"http:\/\/www.uslucan.de\/index.php?rest_route=\/wp\/v2\/users\/1"}],"replies":[{"embeddable":true,"href":"http:\/\/www.uslucan.de\/index.php?rest_route=%2Fwp%2Fv2%2Fcomments&post=23"}],"version-history":[{"count":5,"href":"http:\/\/www.uslucan.de\/index.php?rest_route=\/wp\/v2\/pages\/23\/revisions"}],"predecessor-version":[{"id":31,"href":"http:\/\/www.uslucan.de\/index.php?rest_route=\/wp\/v2\/pages\/23\/revisions\/31"}],"wp:attachment":[{"href":"http:\/\/www.uslucan.de\/index.php?rest_route=%2Fwp%2Fv2%2Fmedia&parent=23"}],"curies":[{"name":"wp","href":"https:\/\/api.w.org\/{rel}","templated":true}]}}