{"id":2,"date":"2010-04-01T15:42:06","date_gmt":"2010-04-01T13:42:06","guid":{"rendered":"http:\/\/www.uslucan.de\/?page_id=2"},"modified":"2010-08-17T20:02:13","modified_gmt":"2010-08-17T18:02:13","slug":"about","status":"publish","type":"page","link":"https:\/\/www.uslucan.de\/?page_id=2","title":{"rendered":"Vita"},"content":{"rendered":"<h2>Wissenschaftlicher Werdegang<\/h2>\n<ul>\n<li>1985 \u2013 1991 Studium der Psychologie an der Freien Universit\u00e4t (FU) Berlin<\/li>\n<li>1991 Diplomarbeit am Psychologischen Institut der FU Berlin. Thema: Die Sozialpsychologie George Herbert Meads. (Note: \u201esehr gut\u201c)<\/li>\n<li>1991 \u2013 1997 Studium der Philosophie und Allgemeiner und Vergleichender Literaturwissenschaft an der FU Berlin<\/li>\n<li>1994 \u2013 1996 Besuch des viersemestrigen Aufbaustudienganges\u201eSemiotik\u201c an der Technischen Universit\u00e4t (TU) Berlin<\/li>\n<li>1996 Zertifikat im Aufbaustudiengang Semiotik an der TU Berlin; (Abschlu\u00dfnote: \u201esehr gut\u201c)<\/li>\n<li>1997 Magisterarbeit in Allgemeiner und Vergleichender Literaturwissenschaft am Fachbereich Germanistik der FU Berlin. Thema: Die Kunsttheorie John Deweys: Kunst als Erfahrung; (Note: \u201esehr gut\u201c)<\/li>\n<li>1999 Dissertation Psychologie: Handlung und Erkenntnis bei John Dewey und Jean Piaget an der FU Berlin (Erstgutachter: Prof. Dr. Lischke, Zweitgutachter: Prof. A. Baumgartner); (Note: \u201emagna cum laude\u201c)<\/li>\n<li>WS 1998\/99 Teilnehmer des \u201eBerliner Seminars\u201c des Wissenschaftskollegs  Berlin<\/li>\n<li>Seit Dezember 1999 Leiter des vom Kultusministeriums des Landes Sachsen-Anhalts finanzierten L\u00e4ngschnittprojektes \u201cJugendgewalt als Folge sozialer Desintegration, anomischer Verunsicherung und \u00dcberforderung\u201d am Institut f\u00fcr Psychologie der Otto-von-Guericke Universit\u00e4t Magdeburg.<\/li>\n<li>Seit Oktober 2000 wissenschaftlicher Assistent am Lehrstuhl f\u00fcr Entwicklungspsychologie und P\u00e4dagogische Psychologie (<a href=\"http:\/\/www.uni-magdeburg.de\/fuhrer\/fuhrerindex.htm\">Prof. Dr. U. Fuhrer<\/a>).<\/li>\n<li>06\/2005 bis 05\/2008 Leiter des Projekts \u201eWissenschaftliche Begleitung des Modellversuchs <em>islamischer Religionsunterricht.\u201c<\/em><\/li>\n<li>09\/2006 Habilitation an der Otto-von-Guericke Universit\u00e4t Magdeburg; <strong>Venia legendi<\/strong> f\u00fcr das gesamte Gebiet der Psychologie.<\/li>\n<li>Kumulative Habilitation; Thema der Habilitationsleistungen: \u201eJugendliche Gewalt und familiale Erziehung in inter- und intrakulturellen Kontexten\u201c<\/li>\n<li>10\/2006 bis 9\/2007 Vertretung der Professur f\u00fcr P\u00e4dagogische Psychologie an der Universit\u00e4t Potsdam<\/li>\n<li>10\/2007 bis 2\/2008 Vertretung der Allgemeinen Psychologie II (Motivationspsychologie) an der Universit\u00e4t Potsdam<\/li>\n<li>04\/2008 bis 07\/2008 Lehrauftrag an der Universit\u00e4t Wien: Vorlesungen zur Bildungspsychologie II am Institut f\u00fcr Wirtschaftspsychologie, Bildungspsychologie und Evaluation<\/li>\n<li>05\/2009 bis 07\/2009 Gastprofessor an der Universit\u00e4t Wien  (Bildungspsychologie sowie Interkulturelle Forschung)<\/li>\n<li>09\/2008 bis 8\/2010 Vertretung der Professur f\u00fcr P\u00e4dagogische Psychologie an der Helmut-Schmidt-Universit\u00e4t in Hamburg<\/li>\n<li>Ab dem 16.08.2010 wissenschaftlicher Leiter des Zentrums f\u00fcr T\u00fcrkeistudien und Integrationsforschung sowie Professor f\u00fcr Moderne T\u00fcrkeistudien an der Universit\u00e4t Duisburg-Essen<\/li>\n<\/ul>\n<h2>Praktische T\u00e4tigkeiten<\/h2>\n<ul>\n<li>1995 \u2013 1996 zwei Semester Fortbildung f\u00fcr Sozialp\u00e4dagogen: Kulturspezifische und psychologische Hintergr\u00fcnde der Delinquenz ausl\u00e4ndischer Jugendlicher<\/li>\n<li>1996 \u2013 1999 freiberuflicher psychologischer Sachverst\u00e4ndiger f\u00fcr die Familien- und Strafgerichte Berlins und Brandenburgs und f\u00fcr das Sozialgericht Berlin. Gutachten in Sorgerechts- und Umgangsrechtsfragen; Neuropsychologische Begutachtung in Rentenverfahren<\/li>\n<li>Seit 01.09.1999 Freier Mitarbeiter der Frankfurter Allgemeinen Zeitung (FAZ); ca. 120 Kolumnen zur t\u00fcrkischen Presse in Deutschland (Berliner Seiten)<\/li>\n<li>Seit Februar 2000 Mitarbeit an der Kampagne der Bundesregierung \u201cGewaltfreie Erziehung\u201d; Mitwirkung an der Konzeption eines Elternbriefes f\u00fcr t\u00fcrkische Eltern des Arbeitskreises Neue Erziehung (ANE) im Rahmen eines Workshops am 8. und 9. Dezember 2000 in Berlin.<\/li>\n<\/ul>\n<h2>Ehrungen<\/h2>\n<ul>\n<li>1995 Preistr\u00e4ger der K\u00f6rber-Stiftung f\u00fcr deutsch-t\u00fcrkische Beziehungen<\/li>\n<li>1997 Preistr\u00e4ger der K\u00f6rber-Stiftung f\u00fcr deutsch-t\u00fcrkische Beziehungen<\/li>\n<\/ul>\n","protected":false},"excerpt":{"rendered":"<p>Wissenschaftlicher Werdegang 1985 \u2013 1991 Studium der Psychologie an der Freien Universit\u00e4t (FU) Berlin 1991 Diplomarbeit am Psychologischen Institut der FU Berlin. Thema: Die Sozialpsychologie George Herbert Meads. (Note: \u201esehr gut\u201c) 1991 \u2013 1997 Studium der Philosophie und Allgemeiner und Vergleichender Literaturwissenschaft an der FU Berlin 1994 \u2013 1996 Besuch des viersemestrigen Aufbaustudienganges\u201eSemiotik\u201c an der [&hellip;]<\/p>\n","protected":false},"author":1,"featured_media":0,"parent":0,"menu_order":1,"comment_status":"closed","ping_status":"closed","template":"","meta":{"footnotes":""},"class_list":["post-2","page","type-page","status-publish","hentry"],"_links":{"self":[{"href":"https:\/\/www.uslucan.de\/index.php?rest_route=\/wp\/v2\/pages\/2","targetHints":{"allow":["GET"]}}],"collection":[{"href":"https:\/\/www.uslucan.de\/index.php?rest_route=\/wp\/v2\/pages"}],"about":[{"href":"https:\/\/www.uslucan.de\/index.php?rest_route=\/wp\/v2\/types\/page"}],"author":[{"embeddable":true,"href":"https:\/\/www.uslucan.de\/index.php?rest_route=\/wp\/v2\/users\/1"}],"replies":[{"embeddable":true,"href":"https:\/\/www.uslucan.de\/index.php?rest_route=%2Fwp%2Fv2%2Fcomments&post=2"}],"version-history":[{"count":10,"href":"https:\/\/www.uslucan.de\/index.php?rest_route=\/wp\/v2\/pages\/2\/revisions"}],"predecessor-version":[{"id":9,"href":"https:\/\/www.uslucan.de\/index.php?rest_route=\/wp\/v2\/pages\/2\/revisions\/9"}],"wp:attachment":[{"href":"https:\/\/www.uslucan.de\/index.php?rest_route=%2Fwp%2Fv2%2Fmedia&parent=2"}],"curies":[{"name":"wp","href":"https:\/\/api.w.org\/{rel}","templated":true}]}}