{"id":34,"date":"2010-04-29T15:53:28","date_gmt":"2010-04-29T13:53:28","guid":{"rendered":"http:\/\/www.uslucan.de\/?page_id=34"},"modified":"2015-02-11T13:27:06","modified_gmt":"2015-02-11T11:27:06","slug":"gutachter-beirat","status":"publish","type":"page","link":"https:\/\/www.uslucan.de\/?page_id=34","title":{"rendered":"Mitgliedschaften\/ Gutachtert\u00e4tigkeiten \/ Beirat"},"content":{"rendered":"<h3>Mitgliedschaften<\/h3>\n<p>Sachverst\u00e4ndigenrat f\u00fcr Migration und Integration (SVR)<\/p>\n<p>Rat f\u00fcr Migration<\/p>\n<p>Deutsche Gesellschaft f\u00fcr Psychologie<\/p>\n<h3>Wissenschaftliche Gutachtert\u00e4tigkeiten<\/h3>\n<ul>\n<li>Swiss Journal of Psychology<\/li>\n<li>Journal of Social Science Education<\/li>\n<li>International Journal of Psychology<\/li>\n<li>European Journal of Social Psychology<\/li>\n<li>European Journal of Personality<\/li>\n<li>Journal of Positive Psychology<\/li>\n<li>The Journal of Moral Education<\/li>\n<li>Zeitschrift f\u00fcr Entwicklungspsychologie und P\u00e4dagogische Psychologie<\/li>\n<li>Zeitschrift f\u00fcr Familienforschung<\/li>\n<li>K\u00f6rber-Stiftung in Hamburg<\/li>\n<li>Forschungsverbund Wissen und Migration in Bayern<\/li>\n<li>Bundesministerium f\u00fcr Forschung und Bildung<\/li>\n<\/ul>\n<h3>Beirat<\/h3>\n<ul>\n<li>Nationales Zentrum Fr\u00fche Hilfen (berufen durch die damalige Familienministerin Ursula von der Leyen)<\/li>\n<li>Bundesforum Familie<\/li>\n<li>Berliner Beirat f\u00fcr Familienfragen (berufen durch damaligen Bildungssenator J\u00fcrgen Z\u00f6llner)<\/li>\n<li>Deutscher Verein f\u00fcr \u00f6ffentliche und private F\u00fcrsorge e.V.<\/li>\n<li>Lebenswelt e.V. gemeinn\u00fctzige Gesellschaft f\u00fcr F\u00f6rderung von Familie, Jugend, Arbeit und Gesundheit<\/li>\n<li>Modellprojekt der Bundeszentrale f\u00fcr politische Bildung: \u201eJugendkultur, Religion, Demokratie &#8211; Politische Bildung f\u00fcr junge Muslime\u201c in Berlin-Neuk\u00f6lln und Essen.<\/li>\n<li>Antidiskriminierungsstelle des Bundes<\/li>\n<li>Beirat Dialogforum Islam in NRW<\/li>\n<li>Wissenschaftlicher Beirat der Bundeszentrale f\u00fcr politische      Bildung (seit 1\/2015)<\/li>\n<\/ul>\n","protected":false},"excerpt":{"rendered":"<p>Mitgliedschaften Sachverst\u00e4ndigenrat f\u00fcr Migration und Integration (SVR) Rat f\u00fcr Migration Deutsche Gesellschaft f\u00fcr Psychologie Wissenschaftliche Gutachtert\u00e4tigkeiten Swiss Journal of Psychology Journal of Social Science Education International Journal of Psychology European Journal of Social Psychology European Journal of Personality Journal of Positive Psychology The Journal of Moral Education Zeitschrift f\u00fcr Entwicklungspsychologie und P\u00e4dagogische Psychologie Zeitschrift f\u00fcr [&hellip;]<\/p>\n","protected":false},"author":1,"featured_media":0,"parent":0,"menu_order":6,"comment_status":"closed","ping_status":"closed","template":"","meta":{"footnotes":""},"class_list":["post-34","page","type-page","status-publish","hentry"],"_links":{"self":[{"href":"https:\/\/www.uslucan.de\/index.php?rest_route=\/wp\/v2\/pages\/34","targetHints":{"allow":["GET"]}}],"collection":[{"href":"https:\/\/www.uslucan.de\/index.php?rest_route=\/wp\/v2\/pages"}],"about":[{"href":"https:\/\/www.uslucan.de\/index.php?rest_route=\/wp\/v2\/types\/page"}],"author":[{"embeddable":true,"href":"https:\/\/www.uslucan.de\/index.php?rest_route=\/wp\/v2\/users\/1"}],"replies":[{"embeddable":true,"href":"https:\/\/www.uslucan.de\/index.php?rest_route=%2Fwp%2Fv2%2Fcomments&post=34"}],"version-history":[{"count":13,"href":"https:\/\/www.uslucan.de\/index.php?rest_route=\/wp\/v2\/pages\/34\/revisions"}],"predecessor-version":[{"id":183,"href":"https:\/\/www.uslucan.de\/index.php?rest_route=\/wp\/v2\/pages\/34\/revisions\/183"}],"wp:attachment":[{"href":"https:\/\/www.uslucan.de\/index.php?rest_route=%2Fwp%2Fv2%2Fmedia&parent=34"}],"curies":[{"name":"wp","href":"https:\/\/api.w.org\/{rel}","templated":true}]}}